{"id":12060,"date":"2020-11-30T12:27:37","date_gmt":"2020-11-30T10:27:37","guid":{"rendered":"https:\/\/lustau.es\/tienda\/uncategorized\/lustau-fino-del-puerto-alm-gonzalez-obregon\/"},"modified":"2023-07-27T13:50:35","modified_gmt":"2023-07-27T11:50:35","slug":"lustau-fino-del-puerto-alm-gonzalez-obregon","status":"publish","type":"product","link":"https:\/\/lustau.es\/en\/shop\/sherry-wines\/almacenistas-en\/lustau-fino-del-puerto-alm-gonzalez-obregon\/","title":{"rendered":"Fino del Puerto &#8211; Alm. Gonz\u00e1lez Obreg\u00f3n (50 cl)"},"content":{"rendered":"<p>Pale straw in colour; full of \u201cflor\u201d and diesel-like aromas on the nose, with iodine hints. Light, dry and tangy on the palate with a nutty and lingering aftertaste.<\/p>\n","protected":false},"excerpt":{"rendered":"<p>SALINE AND IODIZED<br \/>\nThe Solera of this Fino consists of 143 casks which are aged in Jos\u00e9 Luis Gonz\u00e1lez Obreg\u00f3n\u2019s bodegas in El Puerto de Santa Mar\u00eda.<\/p>\n","protected":false},"featured_media":11993,"template":"","meta":[],"product_brand":[],"product_cat":[101,105],"product_tag":[237,273,272],"class_list":{"0":"post-12060","1":"product","2":"type-product","3":"status-publish","4":"has-post-thumbnail","6":"product_cat-sherry-wines","7":"product_cat-almacenistas-en","8":"product_tag-with-fishes","9":"product_tag-with-oysters","10":"product_tag-with-seafood-en","11":"pa_estilo-fino-en","13":"first","14":"instock","15":"taxable","16":"shipping-taxable","17":"purchasable","18":"product-type-simple"},"_links":{"self":[{"href":"https:\/\/lustau.es\/en\/wp-json\/wp\/v2\/product\/12060","targetHints":{"allow":["GET"]}}],"collection":[{"href":"https:\/\/lustau.es\/en\/wp-json\/wp\/v2\/product"}],"about":[{"href":"https:\/\/lustau.es\/en\/wp-json\/wp\/v2\/types\/product"}],"wp:featuredmedia":[{"embeddable":true,"href":"https:\/\/lustau.es\/en\/wp-json\/wp\/v2\/media\/11993"}],"wp:attachment":[{"href":"https:\/\/lustau.es\/en\/wp-json\/wp\/v2\/media?parent=12060"}],"wp:term":[{"taxonomy":"product_brand","embeddable":true,"href":"https:\/\/lustau.es\/en\/wp-json\/wp\/v2\/product_brand?post=12060"},{"taxonomy":"product_cat","embeddable":true,"href":"https:\/\/lustau.es\/en\/wp-json\/wp\/v2\/product_cat?post=12060"},{"taxonomy":"product_tag","embeddable":true,"href":"https:\/\/lustau.es\/en\/wp-json\/wp\/v2\/product_tag?post=12060"}],"curies":[{"name":"wp","href":"https:\/\/api.w.org\/{rel}","templated":true}]}}